{"id":2619,"date":"2021-07-27T15:13:26","date_gmt":"2021-07-27T19:13:26","guid":{"rendered":"https:\/\/equiperoy.com\/?page_id=2619"},"modified":"2021-07-27T15:14:50","modified_gmt":"2021-07-27T19:14:50","slug":"proprietes-neuves","status":"publish","type":"page","link":"https:\/\/equiperoy.com\/en\/proprietes-neuves\/","title":{"rendered":"New properties"},"content":{"rendered":"","protected":false},"excerpt":{"rendered":"","protected":false},"author":121,"featured_media":0,"parent":0,"menu_order":10,"comment_status":"closed","ping_status":"closed","template":"t_listings.php","meta":{"_acf_changed":false,"footnotes":""},"class_list":["post-2619","page","type-page","status-publish","hentry"],"acf":[],"yoast_head":"<!-- This site is optimized with the Yoast SEO plugin v26.7 - https:\/\/yoast.com\/wordpress\/plugins\/seo\/ -->\n<title>New properties | \u00c9quipe Roy - Remax<\/title>\n<meta name=\"robots\" content=\"index, follow, max-snippet:-1, max-image-preview:large, max-video-preview:-1\" \/>\n<link rel=\"canonical\" href=\"https:\/\/equiperoy.com\/en\/proprietes-neuves\/\" \/>\n<meta property=\"og:locale\" content=\"en_US\" \/>\n<meta property=\"og:type\" content=\"article\" \/>\n<meta property=\"og:title\" content=\"New properties | \u00c9quipe Roy - Remax\" \/>\n<meta property=\"og:url\" content=\"https:\/\/equiperoy.com\/en\/proprietes-neuves\/\" \/>\n<meta property=\"og:site_name\" content=\"\u00c9quipe Roy - Remax\" \/>\n<meta property=\"article:publisher\" content=\"https:\/\/www.facebook.com\/equiperoy\/\" \/>\n<meta property=\"article:modified_time\" content=\"2021-07-27T19:14:50+00:00\" \/>\n<meta property=\"og:image\" content=\"https:\/\/equiperoy.com\/files\/2026\/03\/Header_Facebook_2026.03.19.png\" \/>\n<meta name=\"twitter:card\" content=\"summary_large_image\" \/>\n<meta name=\"twitter:image\" content=\"https:\/\/equiperoy.com\/files\/2026\/03\/Header_Facebook_2026.03.19.png\" \/>\n<script type=\"application\/ld+json\" class=\"yoast-schema-graph\">{\"@context\":\"https:\/\/schema.org\",\"@graph\":[{\"@type\":\"WebPage\",\"@id\":\"https:\/\/equiperoy.com\/en\/proprietes-neuves\/\",\"url\":\"https:\/\/equiperoy.com\/en\/proprietes-neuves\/\",\"name\":\"[:fr]Propri\u00e9t\u00e9s neuves[:en]New properties[:] | \u00c9quipe Roy - Remax\",\"isPartOf\":{\"@id\":\"https:\/\/equiperoy.com\/#website\"},\"datePublished\":\"2021-07-27T19:13:26+00:00\",\"dateModified\":\"2021-07-27T19:14:50+00:00\",\"breadcrumb\":{\"@id\":\"https:\/\/equiperoy.com\/en\/proprietes-neuves\/#breadcrumb\"},\"inLanguage\":\"en-US\",\"potentialAction\":[{\"@type\":\"ReadAction\",\"target\":[\"https:\/\/equiperoy.com\/en\/proprietes-neuves\/\"]}]},{\"@type\":\"BreadcrumbList\",\"@id\":\"https:\/\/equiperoy.com\/en\/proprietes-neuves\/#breadcrumb\",\"itemListElement\":[{\"@type\":\"ListItem\",\"position\":1,\"name\":\"Accueil\",\"item\":\"https:\/\/equiperoy.com\/\"},{\"@type\":\"ListItem\",\"position\":2,\"name\":\"New properties\"}]},{\"@type\":\"WebSite\",\"@id\":\"https:\/\/equiperoy.com\/#website\",\"url\":\"https:\/\/equiperoy.com\/\",\"name\":\"\u00c9quipe Roy - Remax\",\"description\":\"Real Estate Brokers\",\"publisher\":{\"@id\":\"https:\/\/equiperoy.com\/#organization\"},\"potentialAction\":[{\"@type\":\"SearchAction\",\"target\":{\"@type\":\"EntryPoint\",\"urlTemplate\":\"https:\/\/equiperoy.com\/?s={search_term_string}\"},\"query-input\":{\"@type\":\"PropertyValueSpecification\",\"valueRequired\":true,\"valueName\":\"search_term_string\"}}],\"inLanguage\":\"en-US\"},{\"@type\":\"Organization\",\"@id\":\"https:\/\/equiperoy.com\/#organization\",\"name\":\"\u00c9quipe Roy, Courtiers immobiliers Re\/Max\",\"url\":\"https:\/\/equiperoy.com\/\",\"logo\":{\"@type\":\"ImageObject\",\"inLanguage\":\"en-US\",\"@id\":\"https:\/\/equiperoy.com\/#\/schema\/logo\/image\/\",\"url\":\"https:\/\/equiperoy.com\/files\/2019\/08\/equipe-roy.png\",\"contentUrl\":\"https:\/\/equiperoy.com\/files\/2019\/08\/equipe-roy.png\",\"width\":397,\"height\":183,\"caption\":\"\u00c9quipe Roy, Courtiers immobiliers Re\/Max\"},\"image\":{\"@id\":\"https:\/\/equiperoy.com\/#\/schema\/logo\/image\/\"},\"sameAs\":[\"https:\/\/www.facebook.com\/equiperoy\/\"]}]}<\/script>\n<!-- \/ Yoast SEO plugin. -->","yoast_head_json":{"title":"New properties | \u00c9quipe Roy - Remax","robots":{"index":"index","follow":"follow","max-snippet":"max-snippet:-1","max-image-preview":"max-image-preview:large","max-video-preview":"max-video-preview:-1"},"canonical":"https:\/\/equiperoy.com\/en\/proprietes-neuves\/","og_locale":"en_US","og_type":"article","og_title":"New properties | \u00c9quipe Roy - Remax","og_url":"https:\/\/equiperoy.com\/en\/proprietes-neuves\/","og_site_name":"\u00c9quipe Roy - Remax","article_publisher":"https:\/\/www.facebook.com\/equiperoy\/","article_modified_time":"2021-07-27T19:14:50+00:00","og_image":[{"url":"https:\/\/equiperoy.com\/files\/2026\/03\/Header_Facebook_2026.03.19.png","type":"","width":"","height":""}],"twitter_card":"summary_large_image","twitter_image":"https:\/\/equiperoy.com\/files\/2026\/03\/Header_Facebook_2026.03.19.png","schema":{"@context":"https:\/\/schema.org","@graph":[{"@type":"WebPage","@id":"https:\/\/equiperoy.com\/en\/proprietes-neuves\/","url":"https:\/\/equiperoy.com\/en\/proprietes-neuves\/","name":"[:fr]Propri\u00e9t\u00e9s neuves[:en]New properties[:] | \u00c9quipe Roy - Remax","isPartOf":{"@id":"https:\/\/equiperoy.com\/#website"},"datePublished":"2021-07-27T19:13:26+00:00","dateModified":"2021-07-27T19:14:50+00:00","breadcrumb":{"@id":"https:\/\/equiperoy.com\/en\/proprietes-neuves\/#breadcrumb"},"inLanguage":"en-US","potentialAction":[{"@type":"ReadAction","target":["https:\/\/equiperoy.com\/en\/proprietes-neuves\/"]}]},{"@type":"BreadcrumbList","@id":"https:\/\/equiperoy.com\/en\/proprietes-neuves\/#breadcrumb","itemListElement":[{"@type":"ListItem","position":1,"name":"Accueil","item":"https:\/\/equiperoy.com\/"},{"@type":"ListItem","position":2,"name":"New properties"}]},{"@type":"WebSite","@id":"https:\/\/equiperoy.com\/#website","url":"https:\/\/equiperoy.com\/","name":"\u00c9quipe Roy - Remax","description":"Real Estate Brokers","publisher":{"@id":"https:\/\/equiperoy.com\/#organization"},"potentialAction":[{"@type":"SearchAction","target":{"@type":"EntryPoint","urlTemplate":"https:\/\/equiperoy.com\/?s={search_term_string}"},"query-input":{"@type":"PropertyValueSpecification","valueRequired":true,"valueName":"search_term_string"}}],"inLanguage":"en-US"},{"@type":"Organization","@id":"https:\/\/equiperoy.com\/#organization","name":"\u00c9quipe Roy, Courtiers immobiliers Re\/Max","url":"https:\/\/equiperoy.com\/","logo":{"@type":"ImageObject","inLanguage":"en-US","@id":"https:\/\/equiperoy.com\/#\/schema\/logo\/image\/","url":"https:\/\/equiperoy.com\/files\/2019\/08\/equipe-roy.png","contentUrl":"https:\/\/equiperoy.com\/files\/2019\/08\/equipe-roy.png","width":397,"height":183,"caption":"\u00c9quipe Roy, Courtiers immobiliers Re\/Max"},"image":{"@id":"https:\/\/equiperoy.com\/#\/schema\/logo\/image\/"},"sameAs":["https:\/\/www.facebook.com\/equiperoy\/"]}]}},"_links":{"self":[{"href":"https:\/\/equiperoy.com\/en\/wp-json\/wp\/v2\/pages\/2619","targetHints":{"allow":["GET"]}}],"collection":[{"href":"https:\/\/equiperoy.com\/en\/wp-json\/wp\/v2\/pages"}],"about":[{"href":"https:\/\/equiperoy.com\/en\/wp-json\/wp\/v2\/types\/page"}],"author":[{"embeddable":true,"href":"https:\/\/equiperoy.com\/en\/wp-json\/wp\/v2\/users\/121"}],"replies":[{"embeddable":true,"href":"https:\/\/equiperoy.com\/en\/wp-json\/wp\/v2\/comments?post=2619"}],"version-history":[{"count":2,"href":"https:\/\/equiperoy.com\/en\/wp-json\/wp\/v2\/pages\/2619\/revisions"}],"predecessor-version":[{"id":2621,"href":"https:\/\/equiperoy.com\/en\/wp-json\/wp\/v2\/pages\/2619\/revisions\/2621"}],"wp:attachment":[{"href":"https:\/\/equiperoy.com\/en\/wp-json\/wp\/v2\/media?parent=2619"}],"curies":[{"name":"wp","href":"https:\/\/api.w.org\/{rel}","templated":true}]}}