{"id":1494,"date":"2019-11-04T17:59:21","date_gmt":"2019-11-04T22:59:21","guid":{"rendered":"https:\/\/equiperoy.com\/?page_id=1494"},"modified":"2024-02-21T17:44:03","modified_gmt":"2024-02-21T22:44:03","slug":"pointe-aux-trembles","status":"publish","type":"page","link":"https:\/\/equiperoy.com\/en\/proprietes-par-region\/pointe-aux-trembles\/","title":{"rendered":"Pointe-aux-Trembles"},"content":{"rendered":"<p><\/p>\n<section  class=\"bg_normal \"><div class=\"layout-content text-align-left\" style=\"\"><div class=\"content\"><\/p>\n<h1>Pointe-aux-Trembles Real Estate Broker<\/h1>\n<hr \/>\n<h2>Buy or sell a property with Re\/Max Team Roy<\/h2>\n<p><strong>Wish to buy<\/strong> a home, condo or commercial property at the best price with all the right conditions? Re\/Max Team Roy team is made up of five experienced real estate agents that will help you find the right property for you in the district of Pointe-aux-Trembles.<\/p>\n<p><strong>Looking to sell<\/strong> your home or commercial property? <strong>Re\/Max<\/strong> <strong>Team Roy regroup the talent and experiences of hundreds of successful transactions over many years<\/strong>. Using the latest internet marketing techniques to promote your property listing, Team Roy will optimize your reach to invite others to come live in Pointe-aux-Trembles.<\/p>\n<p><strong>Re\/Max Team Roy represent also multiple buyers and sellers<\/strong> in other sectors such as Montr\u00e9al East, Repentigny, L\u2019Assomption and other cities in the beautiful region of Lanaudi\u00e8re.<\/p>\n<p>Don\u2019t hesitate to give us a call for any information or evaluate your property: <strong><span lang=\"en\"><span style=\"color: #ff0000;\">514-642-5055<\/span><\/span><\/strong>.<\/p>\n<hr \/>\n<h2>Looking to sell a property in Pointe-aux-Trembles?<\/h2>\n<p>To answer all our buyers&#8217; needs, \u00c9quipe Roy Team is looking for houses, condos, lots for rent or sale in the municipality of Pointe-aux-Trembles. We are urgently looking for Bungalow on one floor, Two-storey house, or One-and-a-half-storey. If you are ready to list and would like to work with an experienced team of real estate professionals specializing in residential and commercial real estate that has your success at heart, then contact us at <strong><a href=\"tel:5146425055\">514-642-5055<\/a>.\u00a0<span lang=\"en\" tabindex=\"0\">We know several people who may be interested in your property.<\/span><\/strong><\/p>\n<hr \/>\n<h2><strong>Pointe-aux-Trembles &#8211; A village in the city!<\/strong><\/h2>\n<p>The name Pointe-aux-Trembles comes from the immense aspen trees that still border the river and the streets of the neighbourhood today. This neighbourhood, which is part of the Rivi\u00e8re-des-Prairies \u2013 Pointe-aux-Trembles borough (the 2nd largest on the island of Montreal), offers a sublime decor. Bordered by the St. Lawrence River, it is with its regional parks closer to nature than you might think.<\/p>\n<p><div id=\"attachment_2365\" style=\"width: 610px\" class=\"wp-caption aligncenter\"><a href=\"https:\/\/equiperoy.com\/files\/2021\/05\/Arrondissement-de-Rivi\u00e8re-des-Prairies-Pointe-aux-Trembles-GTRZ.jpg\"><img loading=\"lazy\" decoding=\"async\" aria-describedby=\"caption-attachment-2365\" class=\"wp-image-2365 size-full\" src=\"https:\/\/equiperoy.com\/files\/2021\/05\/Arrondissement-de-Rivi\u00e8re-des-Prairies-Pointe-aux-Trembles-GTRZ.jpg\" alt=\"Vue a\u00e9rienne de Pointe-aux-Trembles\" width=\"600\" height=\"294\" srcset=\"https:\/\/equiperoy.com\/files\/2021\/05\/Arrondissement-de-Rivi\u00e8re-des-Prairies-Pointe-aux-Trembles-GTRZ.jpg 600w, https:\/\/equiperoy.com\/files\/2021\/05\/Arrondissement-de-Rivi\u00e8re-des-Prairies-Pointe-aux-Trembles-GTRZ-300x147.jpg 300w\" sizes=\"auto, (max-width: 600px) 100vw, 600px\" \/><\/a><p id=\"caption-attachment-2365\" class=\"wp-caption-text\">Aerial view of Pointe-aux-Trembles. Source: Borough of Rivi\u00e8re-des-Prairies Pointe-aux-Trembles &#8211; Facebook page: https:\/\/www.facebook.com\/rdp.pat\/<\/p><\/div><\/p>\n<p>On the <strong>Habiter Montr\u00e9al<\/strong> website, you can read: &#8220;More and more couples, families and business people are choosing this neighbourhood and the borough as their destination. Homes are the most affordable in Montreal. 50% of the dwellings are single-family buildings and 63% of the households are owners. Yann Lessnick, borough planning advisor, will say: &#8220;From the majestic Victorian villa to the urban condo, including the bungalow, the lodge, the one-story single-family house, the duplex or the triplex, here we find a large variety of dwellings from all eras and for all budgets. Over the years, people have invested, renovated and maintained their residences with taste and love. &#8220;<\/p>\n<p><div id=\"attachment_2366\" style=\"width: 610px\" class=\"wp-caption aligncenter\"><a href=\"https:\/\/equiperoy.com\/files\/2021\/05\/arrondissement-pointe-aux-trembles-gtrz.jpg\"><img loading=\"lazy\" decoding=\"async\" aria-describedby=\"caption-attachment-2366\" class=\"wp-image-2366 size-full\" src=\"https:\/\/equiperoy.com\/files\/2021\/05\/arrondissement-pointe-aux-trembles-gtrz.jpg\" alt=\"Piste cyclage et sentier pi\u00e9tonnier sur la friche ferroviaire - Arrondissement de Rivi\u00e8re-des-Prairies\u2014Pointe-aux-Trembles\" width=\"600\" height=\"338\" srcset=\"https:\/\/equiperoy.com\/files\/2021\/05\/arrondissement-pointe-aux-trembles-gtrz.jpg 600w, https:\/\/equiperoy.com\/files\/2021\/05\/arrondissement-pointe-aux-trembles-gtrz-300x169.jpg 300w\" sizes=\"auto, (max-width: 600px) 100vw, 600px\" \/><\/a><p id=\"caption-attachment-2366\" class=\"wp-caption-text\">Cycling track and footpath on the railway wasteland. Source: https:\/\/www.facebook.com\/rdp.pat\/<\/p><\/div><\/p>\n<p>Companies take advantage of the vast space and price opportunities. Development projects abound. Cultural and sporting events shine. All this in the middle of nature, two feet in the water, and closer to the city center than you think!<\/p>\n<p>(Sources: <span style=\"color: #0000ff;\"><a style=\"color: #0000ff;\" href=\"https:\/\/en.wikipedia.org\/wiki\/Pointe-aux-Trembles\" target=\"_blank\" rel=\"noopener noreferrer\">Wikipedia<\/a><\/span> et <span style=\"color: #0000ff;\"><a style=\"color: #0000ff;\" href=\"https:\/\/montreal.ca\/en\/articles\/living-montreal-means-having-access-to-everything-7139\" target=\"_blank\" rel=\"noopener noreferrer\">Habiter Montr\u00e9al<\/a><\/span>).<\/p>\n<hr \/>\n<p style=\"text-align: center;\"><span style=\"color: #0000ff;\"><strong><a style=\"color: #0000ff;\" href=\"https:\/\/equiperoy.com\/en\/outils\/alerte-immobiliere\/\">Stay informed of all new listing in Pointe-aux-Trembles with our real estate alert system.<\/a><\/strong><\/span><a href=\"https:\/\/equiperoy.com\/files\/2021\/05\/fleche-1.jpg\"><img loading=\"lazy\" decoding=\"async\" class=\"aligncenter wp-image-2377\" src=\"https:\/\/equiperoy.com\/files\/2021\/05\/fleche-1.jpg\" alt=\"fleche\" width=\"83\" height=\"83\" srcset=\"https:\/\/equiperoy.com\/files\/2021\/05\/fleche-1.jpg 300w, https:\/\/equiperoy.com\/files\/2021\/05\/fleche-1-150x150.jpg 150w\" sizes=\"auto, (max-width: 83px) 100vw, 83px\" \/><\/a>(Click on the text)<\/p>\n<hr \/>\n<h2>Usefull links<\/h2>\n<p><span style=\"color: #0000ff;\"><strong><a style=\"color: #0000ff;\" href=\"https:\/\/montreal.ca\/riviere-des-prairies-pointe-aux-trembles\" target=\"_blank\" rel=\"noopener noreferrer\">Rivi\u00e8re-des-Prairies-Pointe-aux-Trembles borough website<\/a><\/strong><\/span><\/p>\n<p><span style=\"color: #0000ff;\"><strong><a style=\"color: #0000ff;\" href=\"https:\/\/montreal.ca\/apropos\/riviere-des-prairies-pointe-aux-trembles\" target=\"_blank\" rel=\"noopener noreferrer\">Discover Pointe-aux-Trembles<\/a><\/strong><\/span><\/p>\n<h2>City services<\/h2>\n<p><span style=\"color: #0000ff;\"><strong><a style=\"color: #0000ff;\" href=\"http:\/\/ville.montreal.qc.ca\/portal\/page?_pageid=7697,84111570&amp;_dad=portal&amp;_schema=PORTAL\" target=\"_blank\" rel=\"noopener noreferrer\">Citizen services<\/a><\/strong><\/span><\/p>\n<p id=\"tw-target-text\" class=\"tw-data-text tw-text-large XcVN5d tw-ta\" dir=\"ltr\" data-placeholder=\"Traduction\"><span style=\"color: #0000ff;\"><strong><a style=\"color: #0000ff;\" href=\"http:\/\/ville.montreal.qc.ca\/portal\/page?_pageid=7697,83997596&amp;_dad=portal&amp;_schema=PORTAL\" target=\"_blank\" rel=\"noopener noreferrer\">Activities and leisure<\/a><\/strong><\/span><\/p>\n<p><span style=\"color: #0000ff;\"><strong><a style=\"color: #0000ff;\" href=\"http:\/\/ville.montreal.qc.ca\/portal\/page?_pageid=7697,83595572&amp;_dad=portal&amp;_schema=PORTAL\" target=\"_blank\" rel=\"noopener noreferrer\">Regulations and permits<\/a><\/strong><\/span><\/p>\n<p><span style=\"color: #0000ff;\"><strong><a style=\"color: #0000ff;\" href=\"http:\/\/ville.montreal.qc.ca\/portal\/page?_pageid=7697,138307625&amp;_dad=portal&amp;_schema=PORTAL\" target=\"_blank\" rel=\"noopener noreferrer\">Business support<\/a><\/strong><\/span><\/p>\n<p id=\"tw-target-text\" class=\"tw-data-text tw-text-large XcVN5d tw-ta\" dir=\"ltr\" data-placeholder=\"Traduction\"><span style=\"color: #0000ff;\"><strong><a style=\"color: #0000ff;\" href=\"https:\/\/ville.montreal.qc.ca\/portal\/page?_pageid=7697,138307630&amp;_dad=portal&amp;_schema=PORTAL\" target=\"_blank\" rel=\"noopener noreferrer\">Business and Economy<\/a><\/strong><\/span><\/p>\n<h2>Activity sites\u00a0<\/h2>\n<p><span style=\"color: #0000ff;\"><strong><a style=\"color: #0000ff;\" href=\"http:\/\/www1.ville.montreal.qc.ca\/banque311\/content\/rivi%C3%A8re-des-prairies%E2%80%93pointe-aux-trembles-%E2%80%93-terrains-sportifs\" target=\"_blank\" rel=\"noopener noreferrer\">Sports grounds<\/a><\/strong><\/span><\/p>\n<p><span style=\"color: #0000ff;\"><strong><a style=\"color: #0000ff;\" href=\"https:\/\/parcs-nature.com\/public\/pointe-aux-prairies\" target=\"_blank\" rel=\"noopener noreferrer\">Parc-nature de la Pointe-aux-Prairies<\/a><\/strong><\/span><\/p>\n<p><span style=\"color: #0000ff;\"><strong><a style=\"color: #0000ff;\" href=\"https:\/\/nelligan.ville.montreal.qc.ca\/search*frc~S21.html\" target=\"_blank\" rel=\"noopener noreferrer\">Nelligan public library<\/a><\/strong><\/span><\/p>\n<p><span style=\"color: #0000ff;\"><strong><a style=\"color: #0000ff;\" href=\"https:\/\/montreal.ca\/lieux\/arena-rodrigue-gilbert\" target=\"_blank\" rel=\"noopener noreferrer\">Rodrigue-Gilbert arena<\/a><\/strong><\/span><\/p>\n<p><span style=\"color: #0000ff;\"><strong><a style=\"color: #0000ff;\" href=\"http:\/\/ville.montreal.qc.ca\/culture\/maison-de-la-culture-pointe-aux-trembles\" target=\"_blank\" rel=\"noopener noreferrer\">Maison de la culture Pointe-aux-Trembles<\/a><\/strong><\/span><\/p>\n<p><span style=\"color: #0000ff;\"><strong><a style=\"color: #0000ff;\" href=\"https:\/\/www.lareparation.org\/l-horaire-des-celebrations\" target=\"_blank\" rel=\"noopener noreferrer\">Sanctuaire de la R\u00e9paration<\/a><\/strong><\/span><\/p>\n<h2>Others<\/h2>\n<p class=\"titrePrincipal\"><span style=\"color: #0000ff;\"><strong><a style=\"color: #0000ff;\" href=\"https:\/\/www.ccpdi.com\/\" target=\"_blank\" rel=\"noopener noreferrer\">Chambre de commerce de la Pointe-de-l&#8217;\u00eele<\/a><\/strong><\/span><\/p>\n<p><span style=\"color: #0000ff;\"><strong><a style=\"color: #0000ff;\" href=\"http:\/\/stm.info\/en\" target=\"_blank\" rel=\"noopener noreferrer\">STM | Soci\u00e9t\u00e9 de transport de Montr\u00e9al<\/a><\/strong><\/span><\/p>\n<p><\/div><\/div><\/section>\n<p>&nbsp;<\/p>\n<div id=\"gtx-trans\" style=\"position: absolute; left: 309px; top: 502.594px;\">\n<div class=\"gtx-trans-icon\">\u00a0<\/div>\n<\/div>\n<p><\/p>","protected":false},"excerpt":{"rendered":"<p>&nbsp; \u00a0<\/p>\n","protected":false},"author":121,"featured_media":0,"parent":1435,"menu_order":0,"comment_status":"closed","ping_status":"closed","template":"t_listings.php","meta":{"_acf_changed":false,"footnotes":""},"class_list":["post-1494","page","type-page","status-publish","hentry"],"acf":[],"yoast_head":"<!-- This site is optimized with the Yoast SEO plugin v26.7 - https:\/\/yoast.com\/wordpress\/plugins\/seo\/ -->\n<title>Courtier Immobilier Pointe-aux-Trembles | \u00c9quipe Roy | RE\/MAX D&#039;ICI<\/title>\n<meta name=\"description\" content=\"Pour acheter ou vendre une maison \u00e0 Pointe-aux-Trembles, choisissez les courtiers immobiliers exp\u00e9riment\u00e9s et chevronn\u00e9s de l\u2019\u00c9quipe Roy de RE \/ MAX d\u2019ICI: 450-582-0329\" \/>\n<meta name=\"robots\" content=\"index, follow, max-snippet:-1, max-image-preview:large, max-video-preview:-1\" \/>\n<link rel=\"canonical\" href=\"https:\/\/equiperoy.com\/proprietes-par-region\/pointe-aux-trembles\/\" \/>\n<meta property=\"og:locale\" content=\"en_US\" \/>\n<meta property=\"og:type\" content=\"article\" \/>\n<meta property=\"og:title\" content=\"Courtier Immobilier Pointe-aux-Trembles | \u00c9quipe Roy | RE\/MAX D&#039;ICI\" \/>\n<meta property=\"og:description\" content=\"Pour acheter ou vendre une maison \u00e0 Pointe-aux-Trembles, choisissez les courtiers immobiliers exp\u00e9riment\u00e9s et chevronn\u00e9s de l\u2019\u00c9quipe Roy de RE \/ MAX d\u2019ICI: 450-582-0329\" \/>\n<meta property=\"og:url\" content=\"https:\/\/equiperoy.com\/proprietes-par-region\/pointe-aux-trembles\/\" \/>\n<meta property=\"og:site_name\" content=\"\u00c9quipe Roy - Remax\" \/>\n<meta property=\"article:publisher\" content=\"https:\/\/www.facebook.com\/equiperoy\/\" \/>\n<meta property=\"article:modified_time\" content=\"2024-02-21T22:44:03+00:00\" \/>\n<meta property=\"og:image\" content=\"https:\/\/equiperoy.com\/files\/2026\/03\/Header_Facebook_2026.03.19.png\" \/><meta property=\"og:image\" content=\"https:\/\/equiperoy.com\/files\/2021\/05\/fleche-1.jpg\" \/>\n<meta name=\"twitter:card\" content=\"summary_large_image\" \/>\n<meta name=\"twitter:image\" content=\"https:\/\/equiperoy.com\/files\/2026\/03\/Header_Facebook_2026.03.19.png\" \/>\n<meta name=\"twitter:label1\" content=\"Est. reading time\" \/>\n\t<meta name=\"twitter:data1\" content=\"6 minutes\" \/>\n<script type=\"application\/ld+json\" class=\"yoast-schema-graph\">{\"@context\":\"https:\/\/schema.org\",\"@graph\":[{\"@type\":\"WebPage\",\"@id\":\"https:\/\/equiperoy.com\/proprietes-par-region\/pointe-aux-trembles\/\",\"url\":\"https:\/\/equiperoy.com\/proprietes-par-region\/pointe-aux-trembles\/\",\"name\":\"Courtier Immobilier Pointe-aux-Trembles | \u00c9quipe Roy | RE\/MAX D'ICI\",\"isPartOf\":{\"@id\":\"https:\/\/equiperoy.com\/#website\"},\"primaryImageOfPage\":{\"@id\":\"https:\/\/equiperoy.com\/proprietes-par-region\/pointe-aux-trembles\/#primaryimage\"},\"image\":{\"@id\":\"https:\/\/equiperoy.com\/proprietes-par-region\/pointe-aux-trembles\/#primaryimage\"},\"thumbnailUrl\":\"https:\/\/equiperoy.com\/files\/2021\/05\/fleche-1.jpg\",\"datePublished\":\"2019-11-04T22:59:21+00:00\",\"dateModified\":\"2024-02-21T22:44:03+00:00\",\"description\":\"Pour acheter ou vendre une maison \u00e0 Pointe-aux-Trembles, choisissez les courtiers immobiliers exp\u00e9riment\u00e9s et chevronn\u00e9s de l\u2019\u00c9quipe Roy de RE \/ MAX d\u2019ICI: 450-582-0329\",\"breadcrumb\":{\"@id\":\"https:\/\/equiperoy.com\/proprietes-par-region\/pointe-aux-trembles\/#breadcrumb\"},\"inLanguage\":\"en-US\",\"potentialAction\":[{\"@type\":\"ReadAction\",\"target\":[\"https:\/\/equiperoy.com\/proprietes-par-region\/pointe-aux-trembles\/\"]}]},{\"@type\":\"ImageObject\",\"inLanguage\":\"en-US\",\"@id\":\"https:\/\/equiperoy.com\/proprietes-par-region\/pointe-aux-trembles\/#primaryimage\",\"url\":\"https:\/\/equiperoy.com\/files\/2021\/05\/fleche-1.jpg\",\"contentUrl\":\"https:\/\/equiperoy.com\/files\/2021\/05\/fleche-1.jpg\"},{\"@type\":\"BreadcrumbList\",\"@id\":\"https:\/\/equiperoy.com\/proprietes-par-region\/pointe-aux-trembles\/#breadcrumb\",\"itemListElement\":[{\"@type\":\"ListItem\",\"position\":1,\"name\":\"Accueil\",\"item\":\"https:\/\/equiperoy.com\/\"},{\"@type\":\"ListItem\",\"position\":2,\"name\":\"Properties by region\",\"item\":\"https:\/\/equiperoy.com\/en\/proprietes-par-region\/\"},{\"@type\":\"ListItem\",\"position\":3,\"name\":\"Pointe-aux-Trembles\"}]},{\"@type\":\"WebSite\",\"@id\":\"https:\/\/equiperoy.com\/#website\",\"url\":\"https:\/\/equiperoy.com\/\",\"name\":\"\u00c9quipe Roy - Remax\",\"description\":\"Real Estate Brokers\",\"publisher\":{\"@id\":\"https:\/\/equiperoy.com\/#organization\"},\"potentialAction\":[{\"@type\":\"SearchAction\",\"target\":{\"@type\":\"EntryPoint\",\"urlTemplate\":\"https:\/\/equiperoy.com\/?s={search_term_string}\"},\"query-input\":{\"@type\":\"PropertyValueSpecification\",\"valueRequired\":true,\"valueName\":\"search_term_string\"}}],\"inLanguage\":\"en-US\"},{\"@type\":\"Organization\",\"@id\":\"https:\/\/equiperoy.com\/#organization\",\"name\":\"\u00c9quipe Roy, Courtiers immobiliers Re\/Max\",\"url\":\"https:\/\/equiperoy.com\/\",\"logo\":{\"@type\":\"ImageObject\",\"inLanguage\":\"en-US\",\"@id\":\"https:\/\/equiperoy.com\/#\/schema\/logo\/image\/\",\"url\":\"https:\/\/equiperoy.com\/files\/2019\/08\/equipe-roy.png\",\"contentUrl\":\"https:\/\/equiperoy.com\/files\/2019\/08\/equipe-roy.png\",\"width\":397,\"height\":183,\"caption\":\"\u00c9quipe Roy, Courtiers immobiliers Re\/Max\"},\"image\":{\"@id\":\"https:\/\/equiperoy.com\/#\/schema\/logo\/image\/\"},\"sameAs\":[\"https:\/\/www.facebook.com\/equiperoy\/\"]}]}<\/script>\n<!-- \/ Yoast SEO plugin. -->","yoast_head_json":{"title":"Courtier Immobilier Pointe-aux-Trembles | \u00c9quipe Roy | RE\/MAX D'ICI","description":"Pour acheter ou vendre une maison \u00e0 Pointe-aux-Trembles, choisissez les courtiers immobiliers exp\u00e9riment\u00e9s et chevronn\u00e9s de l\u2019\u00c9quipe Roy de RE \/ MAX d\u2019ICI: 450-582-0329","robots":{"index":"index","follow":"follow","max-snippet":"max-snippet:-1","max-image-preview":"max-image-preview:large","max-video-preview":"max-video-preview:-1"},"canonical":"https:\/\/equiperoy.com\/proprietes-par-region\/pointe-aux-trembles\/","og_locale":"en_US","og_type":"article","og_title":"Courtier Immobilier Pointe-aux-Trembles | \u00c9quipe Roy | RE\/MAX D'ICI","og_description":"Pour acheter ou vendre une maison \u00e0 Pointe-aux-Trembles, choisissez les courtiers immobiliers exp\u00e9riment\u00e9s et chevronn\u00e9s de l\u2019\u00c9quipe Roy de RE \/ MAX d\u2019ICI: 450-582-0329","og_url":"https:\/\/equiperoy.com\/proprietes-par-region\/pointe-aux-trembles\/","og_site_name":"\u00c9quipe Roy - Remax","article_publisher":"https:\/\/www.facebook.com\/equiperoy\/","article_modified_time":"2024-02-21T22:44:03+00:00","og_image":[{"url":"https:\/\/equiperoy.com\/files\/2026\/03\/Header_Facebook_2026.03.19.png","type":"","width":"","height":""},{"url":"https:\/\/equiperoy.com\/files\/2021\/05\/fleche-1.jpg","type":"","width":"","height":""}],"twitter_card":"summary_large_image","twitter_image":"https:\/\/equiperoy.com\/files\/2026\/03\/Header_Facebook_2026.03.19.png","twitter_misc":{"Est. reading time":"6 minutes"},"schema":{"@context":"https:\/\/schema.org","@graph":[{"@type":"WebPage","@id":"https:\/\/equiperoy.com\/proprietes-par-region\/pointe-aux-trembles\/","url":"https:\/\/equiperoy.com\/proprietes-par-region\/pointe-aux-trembles\/","name":"Courtier Immobilier Pointe-aux-Trembles | \u00c9quipe Roy | RE\/MAX D'ICI","isPartOf":{"@id":"https:\/\/equiperoy.com\/#website"},"primaryImageOfPage":{"@id":"https:\/\/equiperoy.com\/proprietes-par-region\/pointe-aux-trembles\/#primaryimage"},"image":{"@id":"https:\/\/equiperoy.com\/proprietes-par-region\/pointe-aux-trembles\/#primaryimage"},"thumbnailUrl":"https:\/\/equiperoy.com\/files\/2021\/05\/fleche-1.jpg","datePublished":"2019-11-04T22:59:21+00:00","dateModified":"2024-02-21T22:44:03+00:00","description":"Pour acheter ou vendre une maison \u00e0 Pointe-aux-Trembles, choisissez les courtiers immobiliers exp\u00e9riment\u00e9s et chevronn\u00e9s de l\u2019\u00c9quipe Roy de RE \/ MAX d\u2019ICI: 450-582-0329","breadcrumb":{"@id":"https:\/\/equiperoy.com\/proprietes-par-region\/pointe-aux-trembles\/#breadcrumb"},"inLanguage":"en-US","potentialAction":[{"@type":"ReadAction","target":["https:\/\/equiperoy.com\/proprietes-par-region\/pointe-aux-trembles\/"]}]},{"@type":"ImageObject","inLanguage":"en-US","@id":"https:\/\/equiperoy.com\/proprietes-par-region\/pointe-aux-trembles\/#primaryimage","url":"https:\/\/equiperoy.com\/files\/2021\/05\/fleche-1.jpg","contentUrl":"https:\/\/equiperoy.com\/files\/2021\/05\/fleche-1.jpg"},{"@type":"BreadcrumbList","@id":"https:\/\/equiperoy.com\/proprietes-par-region\/pointe-aux-trembles\/#breadcrumb","itemListElement":[{"@type":"ListItem","position":1,"name":"Accueil","item":"https:\/\/equiperoy.com\/"},{"@type":"ListItem","position":2,"name":"Properties by region","item":"https:\/\/equiperoy.com\/en\/proprietes-par-region\/"},{"@type":"ListItem","position":3,"name":"Pointe-aux-Trembles"}]},{"@type":"WebSite","@id":"https:\/\/equiperoy.com\/#website","url":"https:\/\/equiperoy.com\/","name":"\u00c9quipe Roy - Remax","description":"Real Estate Brokers","publisher":{"@id":"https:\/\/equiperoy.com\/#organization"},"potentialAction":[{"@type":"SearchAction","target":{"@type":"EntryPoint","urlTemplate":"https:\/\/equiperoy.com\/?s={search_term_string}"},"query-input":{"@type":"PropertyValueSpecification","valueRequired":true,"valueName":"search_term_string"}}],"inLanguage":"en-US"},{"@type":"Organization","@id":"https:\/\/equiperoy.com\/#organization","name":"\u00c9quipe Roy, Courtiers immobiliers Re\/Max","url":"https:\/\/equiperoy.com\/","logo":{"@type":"ImageObject","inLanguage":"en-US","@id":"https:\/\/equiperoy.com\/#\/schema\/logo\/image\/","url":"https:\/\/equiperoy.com\/files\/2019\/08\/equipe-roy.png","contentUrl":"https:\/\/equiperoy.com\/files\/2019\/08\/equipe-roy.png","width":397,"height":183,"caption":"\u00c9quipe Roy, Courtiers immobiliers Re\/Max"},"image":{"@id":"https:\/\/equiperoy.com\/#\/schema\/logo\/image\/"},"sameAs":["https:\/\/www.facebook.com\/equiperoy\/"]}]}},"_links":{"self":[{"href":"https:\/\/equiperoy.com\/en\/wp-json\/wp\/v2\/pages\/1494","targetHints":{"allow":["GET"]}}],"collection":[{"href":"https:\/\/equiperoy.com\/en\/wp-json\/wp\/v2\/pages"}],"about":[{"href":"https:\/\/equiperoy.com\/en\/wp-json\/wp\/v2\/types\/page"}],"author":[{"embeddable":true,"href":"https:\/\/equiperoy.com\/en\/wp-json\/wp\/v2\/users\/121"}],"replies":[{"embeddable":true,"href":"https:\/\/equiperoy.com\/en\/wp-json\/wp\/v2\/comments?post=1494"}],"version-history":[{"count":2,"href":"https:\/\/equiperoy.com\/en\/wp-json\/wp\/v2\/pages\/1494\/revisions"}],"predecessor-version":[{"id":5892,"href":"https:\/\/equiperoy.com\/en\/wp-json\/wp\/v2\/pages\/1494\/revisions\/5892"}],"up":[{"embeddable":true,"href":"https:\/\/equiperoy.com\/en\/wp-json\/wp\/v2\/pages\/1435"}],"wp:attachment":[{"href":"https:\/\/equiperoy.com\/en\/wp-json\/wp\/v2\/media?parent=1494"}],"curies":[{"name":"wp","href":"https:\/\/api.w.org\/{rel}","templated":true}]}}